{"id":160,"date":"2023-12-19T17:22:27","date_gmt":"2023-12-19T16:22:27","guid":{"rendered":"https:\/\/latelierdevore.com\/?page_id=160"},"modified":"2024-01-23T11:31:24","modified_gmt":"2024-01-23T10:31:24","slug":"protection-des-donnees","status":"publish","type":"page","link":"https:\/\/latelierdevore.com\/index.php\/protection-des-donnees\/","title":{"rendered":"Politique de confidentialit\u00e9"},"content":{"rendered":"<div class=\"col-lg-6 col-12 mx-lg-auto mb-5 text-center\">\n<div class=\"heading-default wow fadeInUp\" style=\"visibility: visible; animation-name: fadeInUp;\">\n<h2>Politique de confidentialit\u00e9<\/h2>\n<span class=\"hr-line\"><img decoding=\"async\" src=\"https:\/\/latelierdevore.com\/wp-content\/themes\/appetizer-pro\/assets\/images\/hr-line-default.png\" \/><\/span>\n<\/div>\n<\/div>\n\n<p>L&rsquo;Atelier D\u00e9vor\u00e9 s\u2019engage \u00e0 respecter la politique de confidentialit\u00e9 mentionn\u00e9e ci-dessous.<\/p>\n\n\n\n<h2 class=\"wp-block-heading\">1. Collecte de l\u2019information<\/h2>\n\n\n\n<p>Nous recueillons des informations lorsque vous vous inscrivez sur notre site www.traiteur-et-saveurs.fr, lorsque vous vous connectez \u00e0 votre compte, faites une demande de contact, faites un achat et \/ ou lorsque vous vous d\u00e9connectez. Les informations recueillies incluent votre nom, votre adresse e-mail, votre num\u00e9ro de t\u00e9l\u00e9phone, votre adresse postale et \/ ou carte de cr\u00e9dit.<\/p>\n\n\n\n<p>En outre, nous recevons et enregistrons automatiquement des informations \u00e0 partir de votre ordinateur et navigateur et la page que vous demandez.<\/p>\n\n\n\n<h2 class=\"wp-block-heading\">2. Utilisation des informations<\/h2>\n\n\n\n<p>Toute les informations que nous recueillons aupr\u00e8s de vous peuvent \u00eatre utilis\u00e9es pour :<\/p>\n\n\n\n<ul class=\"wp-block-list\">\n<li>Personnaliser votre exp\u00e9rience et r\u00e9pondre \u00e0 vos besoins individuels<\/li>\n\n\n\n<li>Am\u00e9liorer notre site Web<\/li>\n\n\n\n<li>Am\u00e9liorer le service client et vos besoins de prise en charge<\/li>\n\n\n\n<li>Vous contacter par e-mail<\/li>\n\n\n\n<li>Traiter une commande pass\u00e9e en ligne<\/li>\n\n\n\n<li>Traiter une demande de devis<\/li>\n<\/ul>\n\n\n\n<p>Dur\u00e9e de conservation des donn\u00e9es : Les donn\u00e9es personnelles cit\u00e9es ci-dessus (hors Google Analytics) sont conserv\u00e9es pendant 24 mois. Les statistiques Google Analytics sont conserv\u00e9es pendant 26 mois.<\/p>\n\n\n\n<h2 class=\"wp-block-heading\">3. Confidentialit\u00e9 du commerce en ligne<\/h2>\n\n\n\n<p>Nous sommes les seuls propri\u00e9taires des informations recueillies sur ce site. Vos informations personnelles ne seront pas vendues, \u00e9chang\u00e9es, transf\u00e9r\u00e9es ou donn\u00e9es \u00e0 une soci\u00e9t\u00e9 tierce pour n\u2019importe quelle raison, sans votre consentement, en dehors de ce qui est n\u00e9cessaire pour r\u00e9pondre \u00e0 une demande et \/ ou une transaction, comme par exemple pour exp\u00e9dier une commande.<\/p>\n\n\n\n<h2 class=\"wp-block-heading\">4. Divulgation \u00e0 des tiers<\/h2>\n\n\n\n<p>Nous ne vendons, n\u2019\u00e9changeons et ne transf\u00e9rons pas vos informations personnelles identifiables \u00e0 des tiers. Cela ne comprend pas les tierces parties de confiance qui nous aident \u00e0 exploiter notre site Web ou \u00e0 mener nos affaires, tant que ces parties conviennent de garder ces informations confidentielles.<\/p>\n\n\n\n<p>Nous pensons qu\u2019il est n\u00e9cessaire de partager des informations afin d\u2019enqu\u00eater, de pr\u00e9venir ou de prendre des mesures concernant des activit\u00e9s ill\u00e9gales, fraudes pr\u00e9sum\u00e9es, situations impliquant des menaces potentielles \u00e0 la s\u00e9curit\u00e9 physique de toute personne, violations de nos conditions d\u2019utilisation ou quand la loi nous y contraint.<\/p>\n\n\n\n<h2 class=\"wp-block-heading\">5. Protection des informations<\/h2>\n\n\n\n<p>Nous mettons en \u0153uvre une vari\u00e9t\u00e9 de mesures de s\u00e9curit\u00e9 pour pr\u00e9server la s\u00e9curit\u00e9 de vos informations personnelles. Nous utilisons une technologie de cryptage pour prot\u00e9ger les informations sensibles transmises en ligne. Nous prot\u00e9geons \u00e9galement vos informations hors ligne. Une seule personne est amen\u00e9e \u00e0 utiliser ces donn\u00e9es personnelles pour effectuer un travail sp\u00e9cifique (par exemple, la facturation ou le service \u00e0 la client\u00e8le). Les ordinateurs et serveurs utilis\u00e9s pour stocker des informations personnelles identifiables sont conserv\u00e9s dans un environnement s\u00e9curis\u00e9.<\/p>\n\n\n\n<h2 class=\"wp-block-heading\">6. Est-ce que nous utilisons des cookies ?<\/h2>\n\n\n\n<p>Oui. Nos cookies am\u00e9liorent l\u2019acc\u00e8s \u00e0 notre site et identifient les visiteurs r\u00e9guliers. En outre, nos cookies am\u00e9liorent l\u2019exp\u00e9rience d\u2019utilisateur gr\u00e2ce au suivi et au ciblage de ses int\u00e9r\u00eats. Cependant, cette utilisation des cookies n\u2019est en aucune fa\u00e7on li\u00e9e \u00e0 des informations personnelles identifiables sur notre site.<\/p>\n\n\n\n<h2 class=\"wp-block-heading\">7. Se d\u00e9sabonner<\/h2>\n\n\n\n<p>Nous utilisons l\u2019adresse e-mail que vous fournissez pour vous envoyer des informations et mises \u00e0 jour relatives \u00e0 votre commande, des nouvelles de l\u2019entreprise de fa\u00e7on occasionnelle, des informations sur des produits li\u00e9s, etc. Si, \u00e0 n\u2019importe quel moment vous souhaitez vous d\u00e9sinscrire et ne plus recevoir d\u2019e-mails, vous pouvez vous d\u00e9sinscrire en nous contactant.<\/p>\n\n\n\n<h2 class=\"wp-block-heading\">8. Consentement<\/h2>\n\n\n\n<p>En utilisant notre site, vous consentez \u00e0 notre politique de confidentialit\u00e9. Vous b\u00e9n\u00e9ficiez d\u2019un droit d\u2019acc\u00e8s, de rectification, de portabilit\u00e9, d\u2019effacement de celles-ci ou une limitation du traitement. Vous pouvez vous opposer au traitement des donn\u00e9es vous concernant et disposez du droit de retirer votre consentement \u00e0 tout moment en vous adressant \u00e0 : contact@traiteur-et-saveurs.fr.<\/p>\n\n\n\n<p>Vous avez la possibilit\u00e9 d\u2019introduire une r\u00e9clamation aupr\u00e8s d\u2019une autorit\u00e9 de contr\u00f4le.<\/p>\n","protected":false},"excerpt":{"rendered":"<p>Politique de confidentialit\u00e9 L&rsquo;Atelier D\u00e9vor\u00e9 s\u2019engage \u00e0 respecter la politique [&hellip;]<\/p>\n","protected":false},"author":1,"featured_media":0,"parent":0,"menu_order":0,"comment_status":"closed","ping_status":"closed","template":"","meta":{"footnotes":""},"class_list":["post-160","page","type-page","status-publish","hentry"],"_links":{"self":[{"href":"https:\/\/latelierdevore.com\/index.php\/wp-json\/wp\/v2\/pages\/160","targetHints":{"allow":["GET"]}}],"collection":[{"href":"https:\/\/latelierdevore.com\/index.php\/wp-json\/wp\/v2\/pages"}],"about":[{"href":"https:\/\/latelierdevore.com\/index.php\/wp-json\/wp\/v2\/types\/page"}],"author":[{"embeddable":true,"href":"https:\/\/latelierdevore.com\/index.php\/wp-json\/wp\/v2\/users\/1"}],"replies":[{"embeddable":true,"href":"https:\/\/latelierdevore.com\/index.php\/wp-json\/wp\/v2\/comments?post=160"}],"version-history":[{"count":0,"href":"https:\/\/latelierdevore.com\/index.php\/wp-json\/wp\/v2\/pages\/160\/revisions"}],"wp:attachment":[{"href":"https:\/\/latelierdevore.com\/index.php\/wp-json\/wp\/v2\/media?parent=160"}],"curies":[{"name":"wp","href":"https:\/\/api.w.org\/{rel}","templated":true}]}}