{"id":158,"date":"2023-12-19T17:22:08","date_gmt":"2023-12-19T16:22:08","guid":{"rendered":"https:\/\/latelierdevore.com\/?page_id=158"},"modified":"2024-02-29T10:58:55","modified_gmt":"2024-02-29T09:58:55","slug":"mentions-legales","status":"publish","type":"page","link":"https:\/\/latelierdevore.com\/index.php\/mentions-legales\/","title":{"rendered":"Mentions l\u00e9gales"},"content":{"rendered":"<div class=\"col-lg-6 col-12 mx-lg-auto mb-5 text-center\">\n<div class=\"heading-default wow fadeInUp\" style=\"visibility: visible; animation-name: fadeInUp;\">\n<h2>Mentions l\u00e9gales<\/h2>\n<span class=\"hr-line\"><img decoding=\"async\" src=\"https:\/\/latelierdevore.com\/wp-content\/themes\/appetizer-pro\/assets\/images\/hr-line-default.png\" \/><\/span>\n<\/div>\n<\/div>\n\n\n<p>L&rsquo;Atelier D\u00e9vor\u00e9 est situ\u00e9 \u00e0 Pouilley-les-Vignes (25115).<\/p>\n\n\n\n<h2 class=\"wp-block-heading\">D\u00e9nomination sociale<\/h2>\n\n\n\n<p>L&rsquo;Atelier D\u00e9vor\u00e9 \u2013 Affaire personnelle commer\u00e7ant<\/p>\n\n\n\n<h2 class=\"wp-block-heading\">Si\u00e8ge social<\/h2>\n\n\n\n<p>Rue de Gray \u2013 25115 Pouilley-les-Vignes<br><a href=\"https:\/\/latelierdevore.com\/index.php\/nous-contacter\/\" data-type=\"link\" data-id=\"https:\/\/latelierdevore.com\/index.php\/nous-contacter-2\/\">Nous contacter<\/a><br>984 762 427 R.C.S. Besan\u00e7on<br>SIRET : 98476242700016<br>Code APE : 5621Z<br>N\u00b0 TVA intracommunautaire : FR03984762427<\/p>\n\n\n\n<h2 class=\"wp-block-heading\">H\u00e9bergeur<\/h2>\n\n\n\n<p>OVH<br>SAS au capital de 10 069 020 \u20ac<br>RCS Lille M\u00e9tropole 424 761 419 00045<br>Code APE 2620Z<br>N\u00b0 TVA : FR 22 424 761 419<br>Si\u00e8ge social : 2 rue Kellermann \u2013 59100 Roubaix \u2013 France<br>Tel : 1007<\/p>\n\n\n\n<h2 class=\"wp-block-heading\">Cr\u00e9dits photos<\/h2>\n\n\n\n<p>Droit image attribu\u00e9 \u00e0 L&rsquo;Atelier D\u00e9vor\u00e9<\/p>\n\n\n\n<h2 class=\"wp-block-heading\">Donn\u00e9es personnelles<\/h2>\n\n\n\n<p>De mani\u00e8re g\u00e9n\u00e9rale, vous pouvez visiter notre site Internet sans avoir \u00e0 d\u00e9cliner votre identit\u00e9 et \u00e0 fournir des informations personnelles vous concernant. Cependant, si vous souhaitez commander en ligne, des informations personnelles vous seront demand\u00e9es pour traiter votre commande.<\/p>\n\n\n\n<p>Vous b\u00e9n\u00e9ficiez d\u2019un droit d\u2019acc\u00e8s, de rectification, de portabilit\u00e9, d\u2019effacement de vos donn\u00e9es personnelles ou une limitation du traitement. Vous pouvez vous opposer au traitement des donn\u00e9es vous concernant et disposer du droit de retirer votre consentement \u00e0 tout moment en contactant la soci\u00e9t\u00e9  L&rsquo;Atelier D\u00e9vor\u00e9. Vous avez la possibilit\u00e9 d\u2019introduire une r\u00e9clamation aupr\u00e8s d\u2019une autorit\u00e9 de contr\u00f4le.<\/p>\n\n\n\n<p>La Soci\u00e9t\u00e9 L&rsquo;Atelier D\u00e9vor\u00e9 s\u2019engage \u00e0 ne pas communiquer, gratuitement ou avec contrepartie, les coordonn\u00e9es de ses clients \u00e0 des soci\u00e9t\u00e9s tierces.<\/p>\n\n\n\n<h2 class=\"wp-block-heading\">Respect de votre vie priv\u00e9e<\/h2>\n\n\n\n<p> L&rsquo;Atelier D\u00e9vor\u00e9 se pr\u00e9occupe du respect de la vie priv\u00e9e ainsi que la protection des informations, nominatives ou non, de tous les internautes qui souhaitent naviguer sur le site web \u00ab www.traiteur-et-saveurs.fr \u00bb. Vous pouvez consulter ce site sans r\u00e9v\u00e9ler votre identit\u00e9 ou transmettre la moindre information vous concernant. Les \u00e9ventuelles informations, que vous communiquez, sont destin\u00e9es \u00e0 L&rsquo;Atelier D\u00e9vor\u00e9 et ne seront utilis\u00e9es que pour les seules n\u00e9cessit\u00e9s de l\u2019objet de la collecte de donn\u00e9es.<\/p>\n\n\n\n<h2 class=\"wp-block-heading\">Liens hypertextes<\/h2>\n\n\n\n<p>Les utilisateurs sont formellement inform\u00e9s que les sites auxquels ils peuvent acc\u00e9der par l\u2019interm\u00e9diaire des liens hypertextes ne nous appartiennent pas. Traiteur et Saveurs d\u00e9cline toute responsabilit\u00e9 quant au contenu des informations fournies sur ces sites lors du clic sur le lien. Toute cr\u00e9ation, par un tiers, de lien hypertexte en direction de l\u2019une des pages du pr\u00e9sent site n\u00e9cessite un accord pr\u00e9alable de L&rsquo;Atelier D\u00e9vor\u00e9.<\/p>\n\n\n\n<h2 class=\"wp-block-heading\">Droit applicable<\/h2>\n\n\n\n<p>Le pr\u00e9sent site est exclusivement r\u00e9gi par le droit interne fran\u00e7ais et par les conventions internationales applicables en France. En cas de litige, les tribunaux fran\u00e7ais seront seuls comp\u00e9tents.<\/p>\n","protected":false},"excerpt":{"rendered":"<p>Mentions l\u00e9gales L&rsquo;Atelier D\u00e9vor\u00e9 est situ\u00e9 \u00e0 Pouilley-les-Vignes (25115). D\u00e9nomination [&hellip;]<\/p>\n","protected":false},"author":1,"featured_media":0,"parent":0,"menu_order":0,"comment_status":"closed","ping_status":"closed","template":"","meta":{"footnotes":""},"class_list":["post-158","page","type-page","status-publish","hentry"],"_links":{"self":[{"href":"https:\/\/latelierdevore.com\/index.php\/wp-json\/wp\/v2\/pages\/158","targetHints":{"allow":["GET"]}}],"collection":[{"href":"https:\/\/latelierdevore.com\/index.php\/wp-json\/wp\/v2\/pages"}],"about":[{"href":"https:\/\/latelierdevore.com\/index.php\/wp-json\/wp\/v2\/types\/page"}],"author":[{"embeddable":true,"href":"https:\/\/latelierdevore.com\/index.php\/wp-json\/wp\/v2\/users\/1"}],"replies":[{"embeddable":true,"href":"https:\/\/latelierdevore.com\/index.php\/wp-json\/wp\/v2\/comments?post=158"}],"version-history":[{"count":0,"href":"https:\/\/latelierdevore.com\/index.php\/wp-json\/wp\/v2\/pages\/158\/revisions"}],"wp:attachment":[{"href":"https:\/\/latelierdevore.com\/index.php\/wp-json\/wp\/v2\/media?parent=158"}],"curies":[{"name":"wp","href":"https:\/\/api.w.org\/{rel}","templated":true}]}}